{"id":1407,"date":"2020-01-10T13:36:40","date_gmt":"2020-01-10T13:36:40","guid":{"rendered":"https:\/\/designdistrict.is\/about\/"},"modified":"2021-04-22T16:38:50","modified_gmt":"2021-04-22T16:38:50","slug":"um-ddr","status":"publish","type":"page","link":"https:\/\/designdistrict.is\/is\/um-ddr\/","title":{"rendered":"Um DDR"},"content":{"rendered":"\t\t<div data-elementor-type=\"wp-page\" data-elementor-id=\"1407\" class=\"elementor elementor-1407 elementor-121\" data-elementor-post-type=\"page\">\n\t\t\t\t\t\t<section class=\"elementor-section elementor-top-section elementor-element elementor-element-afb31ff elementor-section-boxed elementor-section-height-default elementor-section-height-default\" data-id=\"afb31ff\" data-element_type=\"section\" data-e-type=\"section\">\n\t\t\t\t\t\t<div class=\"elementor-container elementor-column-gap-default\">\n\t\t\t\t\t<div class=\"elementor-column elementor-col-100 elementor-top-column elementor-element elementor-element-73eda5c\" data-id=\"73eda5c\" data-element_type=\"column\" data-e-type=\"column\">\n\t\t\t<div class=\"elementor-widget-wrap elementor-element-populated\">\n\t\t\t\t\t\t\t<\/div>\n\t\t<\/div>\n\t\t\t\t\t<\/div>\n\t\t<\/section>\n\t\t\t\t<section class=\"elementor-section elementor-top-section elementor-element elementor-element-4c6dfb8 elementor-section-content-middle elementor-reverse-mobile elementor-section-boxed elementor-section-height-default elementor-section-height-default elementor-invisible\" data-id=\"4c6dfb8\" data-element_type=\"section\" data-e-type=\"section\" data-settings=\"{&quot;animation&quot;:&quot;fadeIn&quot;}\">\n\t\t\t\t\t\t<div class=\"elementor-container elementor-column-gap-default\">\n\t\t\t\t\t<div class=\"elementor-column elementor-col-50 elementor-top-column elementor-element elementor-element-bd3c7fc\" data-id=\"bd3c7fc\" data-element_type=\"column\" data-e-type=\"column\">\n\t\t\t<div class=\"elementor-widget-wrap elementor-element-populated\">\n\t\t\t\t\t\t<div class=\"elementor-element elementor-element-99e176e elementor-widget elementor-widget-image\" data-id=\"99e176e\" data-element_type=\"widget\" data-e-type=\"widget\" data-widget_type=\"image.default\">\n\t\t\t\t<div class=\"elementor-widget-container\">\n\t\t\t\t\t\t\t\t\t\t\t\t\t\t\t<img decoding=\"async\" src=\"https:\/\/designdistrict.is\/wp-content\/uploads\/2020\/01\/DD-form-01.svg\" class=\"attachment-full size-full wp-image-1477\" alt=\"\" \/>\t\t\t\t\t\t\t\t\t\t\t\t\t\t\t<\/div>\n\t\t\t\t<\/div>\n\t\t\t\t\t<\/div>\n\t\t<\/div>\n\t\t\t\t<div class=\"elementor-column elementor-col-50 elementor-top-column elementor-element elementor-element-3d58fa1\" data-id=\"3d58fa1\" data-element_type=\"column\" data-e-type=\"column\">\n\t\t\t<div class=\"elementor-widget-wrap elementor-element-populated\">\n\t\t\t\t\t\t<div class=\"elementor-element elementor-element-c6bb556 elementor-widget elementor-widget-text-editor\" data-id=\"c6bb556\" data-element_type=\"widget\" data-e-type=\"widget\" data-widget_type=\"text-editor.default\">\n\t\t\t\t<div class=\"elementor-widget-container\">\n\t\t\t\t\t\t\t\t\t<p><span style=\"caret-color: rgb(0, 0, 0); color: rgb(0, 0, 0); font-family: Calibri, sans-serif; font-size: 16px; font-style: normal; font-variant-caps: normal; font-weight: normal; letter-spacing: normal; orphans: auto; text-align: start; text-indent: 0px; text-transform: none; white-space: normal; widows: auto; word-spacing: 0px; -webkit-text-size-adjust: auto; -webkit-text-stroke-width: 0px; text-decoration: none; display: inline !important; float: none;\">\u00dea\u00f0 gerist eitthva\u00f0 undursamlegt \u00feegar \u00fe\u00fa s\u00e9r\u00f0 fallega og vel hanna\u00f0a hluti. Hugurinn fer \u00e1 flug og \u00e1n \u00feess a\u00f0 \u00fe\u00fa \u00e1ttir \u00feig \u00e1 \u00fev\u00ed, hefur bros myndast \u00e1 v\u00f6rum \u00fe\u00ednum. Vi\u00f0 \u00ed Design District Reykjav\u00edk hvetjum \u00feig til a\u00f0 nj\u00f3ta alls \u00feess n\u00fdjasta \u00ed h\u00f6nnun \u00e1 \u00cdslandi. H\u00e9r getur\u00f0u kynnst n\u00fdjustu og frumlegustu h\u00f6nnu\u00f0unum \u00e1samt \u00feeim sem eru klass\u00edskari og allt \u00fear \u00e1 milli. \u00de\u00fa kynnist me\u00f0al annars n\u00fdjum l\u00ednum fyrir heimili\u00f0, \u00ed fatah\u00f6nnun, \u00ed h\u00fasgagnah\u00f6nnun, skartgripum og si\u00f0fer\u00f0islegri h\u00f6nnun. G\u00f3\u00f0 h\u00f6nnun tekur \u00feig \u00ed fer\u00f0alag og kynnir \u00feig fyrir n\u00fdjum hugmyndum og \u00f6\u00f0ru sj\u00f3narhorni \u00feannig a\u00f0 \u00fe\u00fa f\u00e6r\u00f0 ferskar hugmyndir. Me\u00f0 \u00feessu fer\u00f0alagi endurn\u00fdjast \u00fe\u00fa \u00e1 vissan h\u00e1tt, \u00fe\u00f3tt ekki s\u00e9 nema a\u00f0 litlu leiti, \u00ed hvert sinn sem \u00fe\u00fa heims\u00e6kir okkur. Er \u00fea\u00f0 ekki svol\u00edtil snilld? Vi\u00f0 \u00f3skum \u00fe\u00e9r g\u00f3\u00f0rar fer\u00f0ar.<\/span><\/p><p><span style=\"caret-color: rgb(0, 0, 0); color: rgb(0, 0, 0); font-family: Calibri, sans-serif; font-size: 16px; font-style: normal; font-variant-caps: normal; font-weight: normal; letter-spacing: normal; orphans: auto; text-align: start; text-indent: 0px; text-transform: none; white-space: normal; widows: auto; word-spacing: 0px; -webkit-text-size-adjust: auto; -webkit-text-stroke-width: 0px; text-decoration: none; display: inline !important; float: none;\">Design District Reykjavik hefur veri\u00f0 styrkt af Mi\u00f0borgarsj\u00f3\u00f0i Reykjav\u00edkur.<br><\/span><\/p>\t\t\t\t\t\t\t\t<\/div>\n\t\t\t\t<\/div>\n\t\t\t\t\t<\/div>\n\t\t<\/div>\n\t\t\t\t\t<\/div>\n\t\t<\/section>\n\t\t\t\t<\/div>\n\t\t","protected":false},"excerpt":{"rendered":"<p>\u00dea\u00f0 gerist eitthva\u00f0 undursamlegt \u00feegar \u00fe\u00fa s\u00e9r\u00f0 fallega og vel hanna\u00f0a hluti. Hugurinn fer \u00e1 flug og \u00e1n \u00feess a\u00f0 \u00fe\u00fa \u00e1ttir \u00feig \u00e1 \u00fev\u00ed, hefur bros myndast \u00e1 v\u00f6rum \u00fe\u00ednum. Vi\u00f0 \u00ed Design District Reykjav\u00edk hvetjum \u00feig til a\u00f0 nj\u00f3ta alls \u00feess n\u00fdjasta \u00ed h\u00f6nnun \u00e1 \u00cdslandi. H\u00e9r getur\u00f0u kynnst n\u00fdjustu og frumlegustu h\u00f6nnu\u00f0unum [&hellip;]<\/p>\n","protected":false},"author":1,"featured_media":0,"parent":0,"menu_order":0,"comment_status":"closed","ping_status":"closed","template":"","meta":{"_acf_changed":false,"_monsterinsights_skip_tracking":false,"_monsterinsights_sitenote_active":false,"_monsterinsights_sitenote_note":"","_monsterinsights_sitenote_category":0,"site-sidebar-layout":"no-sidebar","site-content-layout":"page-builder","ast-site-content-layout":"default","site-content-style":"default","site-sidebar-style":"default","ast-global-header-display":"","ast-banner-title-visibility":"","ast-main-header-display":"","ast-hfb-above-header-display":"","ast-hfb-below-header-display":"","ast-hfb-mobile-header-display":"","site-post-title":"disabled","ast-breadcrumbs-content":"","ast-featured-img":"disabled","footer-sml-layout":"","ast-disable-related-posts":"","theme-transparent-header-meta":"default","adv-header-id-meta":"","stick-header-meta":"","header-above-stick-meta":"","header-main-stick-meta":"","header-below-stick-meta":"","astra-migrate-meta-layouts":"default","ast-page-background-enabled":"default","ast-page-background-meta":{"desktop":{"background-color":"","background-image":"","background-repeat":"repeat","background-position":"center center","background-size":"auto","background-attachment":"scroll","background-type":"","background-media":"","overlay-type":"","overlay-color":"","overlay-opacity":"","overlay-gradient":""},"tablet":{"background-color":"","background-image":"","background-repeat":"repeat","background-position":"center center","background-size":"auto","background-attachment":"scroll","background-type":"","background-media":"","overlay-type":"","overlay-color":"","overlay-opacity":"","overlay-gradient":""},"mobile":{"background-color":"","background-image":"","background-repeat":"repeat","background-position":"center center","background-size":"auto","background-attachment":"scroll","background-type":"","background-media":"","overlay-type":"","overlay-color":"","overlay-opacity":"","overlay-gradient":""}},"ast-content-background-meta":{"desktop":{"background-color":"var(--ast-global-color-5)","background-image":"","background-repeat":"repeat","background-position":"center center","background-size":"auto","background-attachment":"scroll","background-type":"","background-media":"","overlay-type":"","overlay-color":"","overlay-opacity":"","overlay-gradient":""},"tablet":{"background-color":"var(--ast-global-color-5)","background-image":"","background-repeat":"repeat","background-position":"center center","background-size":"auto","background-attachment":"scroll","background-type":"","background-media":"","overlay-type":"","overlay-color":"","overlay-opacity":"","overlay-gradient":""},"mobile":{"background-color":"var(--ast-global-color-5)","background-image":"","background-repeat":"repeat","background-position":"center center","background-size":"auto","background-attachment":"scroll","background-type":"","background-media":"","overlay-type":"","overlay-color":"","overlay-opacity":"","overlay-gradient":""}},"footnotes":""},"class_list":["post-1407","page","type-page","status-publish","hentry"],"acf":[],"yoast_head":"<!-- This site is optimized with the Yoast SEO plugin v27.3 - https:\/\/yoast.com\/product\/yoast-seo-wordpress\/ -->\n<title>Um DDR - Design District<\/title>\n<meta name=\"description\" content=\"Design District Reykjav\u00edk is a common design platform in Reykjavik Iceland. Here you can view their location, design and products.\" \/>\n<meta name=\"robots\" content=\"index, nofollow, max-snippet:-1, max-image-preview:large, max-video-preview:-1\" \/>\n<link rel=\"canonical\" href=\"https:\/\/designdistrict.is\/is\/um-ddr\/\" \/>\n<meta property=\"og:locale\" content=\"is_IS\" \/>\n<meta property=\"og:type\" content=\"article\" \/>\n<meta property=\"og:title\" content=\"Um DDR - Design District\" \/>\n<meta property=\"og:description\" content=\"Design District Reykjav\u00edk is a common design platform in Reykjavik Iceland. Here you can view their location, design and products.\" \/>\n<meta property=\"og:url\" content=\"https:\/\/designdistrict.is\/is\/um-ddr\/\" \/>\n<meta property=\"og:site_name\" content=\"Design District\" \/>\n<meta property=\"article:publisher\" content=\"https:\/\/www.facebook.com\/designdistrict.is\/\" \/>\n<meta property=\"article:modified_time\" content=\"2021-04-22T16:38:50+00:00\" \/>\n<meta property=\"og:image\" content=\"https:\/\/designdistrict.is\/wp-content\/uploads\/2020\/01\/DD-form-01.svg\" \/>\n<meta name=\"twitter:card\" content=\"summary_large_image\" \/>\n<meta name=\"twitter:label1\" content=\"Est. reading time\" \/>\n\t<meta name=\"twitter:data1\" content=\"1 minute\" \/>\n<script type=\"application\/ld+json\" class=\"yoast-schema-graph\">{\"@context\":\"https:\\\/\\\/schema.org\",\"@graph\":[{\"@type\":\"WebPage\",\"@id\":\"https:\\\/\\\/designdistrict.is\\\/is\\\/um-ddr\\\/\",\"url\":\"https:\\\/\\\/designdistrict.is\\\/is\\\/um-ddr\\\/\",\"name\":\"Um DDR - Design District\",\"isPartOf\":{\"@id\":\"https:\\\/\\\/designdistrict.is\\\/#website\"},\"primaryImageOfPage\":{\"@id\":\"https:\\\/\\\/designdistrict.is\\\/is\\\/um-ddr\\\/#primaryimage\"},\"image\":{\"@id\":\"https:\\\/\\\/designdistrict.is\\\/is\\\/um-ddr\\\/#primaryimage\"},\"thumbnailUrl\":\"https:\\\/\\\/designdistrict.is\\\/wp-content\\\/uploads\\\/2020\\\/01\\\/DD-form-01.svg\",\"datePublished\":\"2020-01-10T13:36:40+00:00\",\"dateModified\":\"2021-04-22T16:38:50+00:00\",\"description\":\"Design District Reykjav\u00edk is a common design platform in Reykjavik Iceland. Here you can view their location, design and products.\",\"breadcrumb\":{\"@id\":\"https:\\\/\\\/designdistrict.is\\\/is\\\/um-ddr\\\/#breadcrumb\"},\"inLanguage\":\"is\",\"potentialAction\":[{\"@type\":\"ReadAction\",\"target\":[\"https:\\\/\\\/designdistrict.is\\\/is\\\/um-ddr\\\/\"]}]},{\"@type\":\"ImageObject\",\"inLanguage\":\"is\",\"@id\":\"https:\\\/\\\/designdistrict.is\\\/is\\\/um-ddr\\\/#primaryimage\",\"url\":\"https:\\\/\\\/designdistrict.is\\\/wp-content\\\/uploads\\\/2020\\\/01\\\/DD-form-01.svg\",\"contentUrl\":\"https:\\\/\\\/designdistrict.is\\\/wp-content\\\/uploads\\\/2020\\\/01\\\/DD-form-01.svg\"},{\"@type\":\"BreadcrumbList\",\"@id\":\"https:\\\/\\\/designdistrict.is\\\/is\\\/um-ddr\\\/#breadcrumb\",\"itemListElement\":[{\"@type\":\"ListItem\",\"position\":1,\"name\":\"Heim\",\"item\":\"https:\\\/\\\/designdistrict.is\\\/is\\\/\"},{\"@type\":\"ListItem\",\"position\":2,\"name\":\"Um DDR\"}]},{\"@type\":\"WebSite\",\"@id\":\"https:\\\/\\\/designdistrict.is\\\/#website\",\"url\":\"https:\\\/\\\/designdistrict.is\\\/\",\"name\":\"Design District\",\"description\":\"Design in Reykjavik\",\"publisher\":{\"@id\":\"https:\\\/\\\/designdistrict.is\\\/#organization\"},\"potentialAction\":[{\"@type\":\"SearchAction\",\"target\":{\"@type\":\"EntryPoint\",\"urlTemplate\":\"https:\\\/\\\/designdistrict.is\\\/?s={search_term_string}\"},\"query-input\":{\"@type\":\"PropertyValueSpecification\",\"valueRequired\":true,\"valueName\":\"search_term_string\"}}],\"inLanguage\":\"is\"},{\"@type\":\"Organization\",\"@id\":\"https:\\\/\\\/designdistrict.is\\\/#organization\",\"name\":\"Design District\",\"url\":\"https:\\\/\\\/designdistrict.is\\\/\",\"logo\":{\"@type\":\"ImageObject\",\"inLanguage\":\"is\",\"@id\":\"https:\\\/\\\/designdistrict.is\\\/#\\\/schema\\\/logo\\\/image\\\/\",\"url\":\"https:\\\/\\\/designdistrict.is\\\/wp-content\\\/uploads\\\/2020\\\/01\\\/DD-Main-logo-01-01.svg\",\"contentUrl\":\"https:\\\/\\\/designdistrict.is\\\/wp-content\\\/uploads\\\/2020\\\/01\\\/DD-Main-logo-01-01.svg\",\"width\":1,\"height\":1,\"caption\":\"Design District\"},\"image\":{\"@id\":\"https:\\\/\\\/designdistrict.is\\\/#\\\/schema\\\/logo\\\/image\\\/\"},\"sameAs\":[\"https:\\\/\\\/www.facebook.com\\\/designdistrict.is\\\/\"]}]}<\/script>\n<!-- \/ Yoast SEO plugin. -->","yoast_head_json":{"title":"Um DDR - Design District","description":"Design District Reykjav\u00edk is a common design platform in Reykjavik Iceland. Here you can view their location, design and products.","robots":{"index":"index","follow":"nofollow","max-snippet":"max-snippet:-1","max-image-preview":"max-image-preview:large","max-video-preview":"max-video-preview:-1"},"canonical":"https:\/\/designdistrict.is\/is\/um-ddr\/","og_locale":"is_IS","og_type":"article","og_title":"Um DDR - Design District","og_description":"Design District Reykjav\u00edk is a common design platform in Reykjavik Iceland. Here you can view their location, design and products.","og_url":"https:\/\/designdistrict.is\/is\/um-ddr\/","og_site_name":"Design District","article_publisher":"https:\/\/www.facebook.com\/designdistrict.is\/","article_modified_time":"2021-04-22T16:38:50+00:00","og_image":[{"url":"https:\/\/designdistrict.is\/wp-content\/uploads\/2020\/01\/DD-form-01.svg","type":"","width":"","height":""}],"twitter_card":"summary_large_image","twitter_misc":{"Est. reading time":"1 minute"},"schema":{"@context":"https:\/\/schema.org","@graph":[{"@type":"WebPage","@id":"https:\/\/designdistrict.is\/is\/um-ddr\/","url":"https:\/\/designdistrict.is\/is\/um-ddr\/","name":"Um DDR - Design District","isPartOf":{"@id":"https:\/\/designdistrict.is\/#website"},"primaryImageOfPage":{"@id":"https:\/\/designdistrict.is\/is\/um-ddr\/#primaryimage"},"image":{"@id":"https:\/\/designdistrict.is\/is\/um-ddr\/#primaryimage"},"thumbnailUrl":"https:\/\/designdistrict.is\/wp-content\/uploads\/2020\/01\/DD-form-01.svg","datePublished":"2020-01-10T13:36:40+00:00","dateModified":"2021-04-22T16:38:50+00:00","description":"Design District Reykjav\u00edk is a common design platform in Reykjavik Iceland. Here you can view their location, design and products.","breadcrumb":{"@id":"https:\/\/designdistrict.is\/is\/um-ddr\/#breadcrumb"},"inLanguage":"is","potentialAction":[{"@type":"ReadAction","target":["https:\/\/designdistrict.is\/is\/um-ddr\/"]}]},{"@type":"ImageObject","inLanguage":"is","@id":"https:\/\/designdistrict.is\/is\/um-ddr\/#primaryimage","url":"https:\/\/designdistrict.is\/wp-content\/uploads\/2020\/01\/DD-form-01.svg","contentUrl":"https:\/\/designdistrict.is\/wp-content\/uploads\/2020\/01\/DD-form-01.svg"},{"@type":"BreadcrumbList","@id":"https:\/\/designdistrict.is\/is\/um-ddr\/#breadcrumb","itemListElement":[{"@type":"ListItem","position":1,"name":"Heim","item":"https:\/\/designdistrict.is\/is\/"},{"@type":"ListItem","position":2,"name":"Um DDR"}]},{"@type":"WebSite","@id":"https:\/\/designdistrict.is\/#website","url":"https:\/\/designdistrict.is\/","name":"Design District","description":"Design in Reykjavik","publisher":{"@id":"https:\/\/designdistrict.is\/#organization"},"potentialAction":[{"@type":"SearchAction","target":{"@type":"EntryPoint","urlTemplate":"https:\/\/designdistrict.is\/?s={search_term_string}"},"query-input":{"@type":"PropertyValueSpecification","valueRequired":true,"valueName":"search_term_string"}}],"inLanguage":"is"},{"@type":"Organization","@id":"https:\/\/designdistrict.is\/#organization","name":"Design District","url":"https:\/\/designdistrict.is\/","logo":{"@type":"ImageObject","inLanguage":"is","@id":"https:\/\/designdistrict.is\/#\/schema\/logo\/image\/","url":"https:\/\/designdistrict.is\/wp-content\/uploads\/2020\/01\/DD-Main-logo-01-01.svg","contentUrl":"https:\/\/designdistrict.is\/wp-content\/uploads\/2020\/01\/DD-Main-logo-01-01.svg","width":1,"height":1,"caption":"Design District"},"image":{"@id":"https:\/\/designdistrict.is\/#\/schema\/logo\/image\/"},"sameAs":["https:\/\/www.facebook.com\/designdistrict.is\/"]}]}},"_links":{"self":[{"href":"https:\/\/designdistrict.is\/is\/wp-json\/wp\/v2\/pages\/1407","targetHints":{"allow":["GET"]}}],"collection":[{"href":"https:\/\/designdistrict.is\/is\/wp-json\/wp\/v2\/pages"}],"about":[{"href":"https:\/\/designdistrict.is\/is\/wp-json\/wp\/v2\/types\/page"}],"author":[{"embeddable":true,"href":"https:\/\/designdistrict.is\/is\/wp-json\/wp\/v2\/users\/1"}],"replies":[{"embeddable":true,"href":"https:\/\/designdistrict.is\/is\/wp-json\/wp\/v2\/comments?post=1407"}],"version-history":[{"count":5,"href":"https:\/\/designdistrict.is\/is\/wp-json\/wp\/v2\/pages\/1407\/revisions"}],"predecessor-version":[{"id":2853,"href":"https:\/\/designdistrict.is\/is\/wp-json\/wp\/v2\/pages\/1407\/revisions\/2853"}],"wp:attachment":[{"href":"https:\/\/designdistrict.is\/is\/wp-json\/wp\/v2\/media?parent=1407"}],"curies":[{"name":"wp","href":"https:\/\/api.w.org\/{rel}","templated":true}]}}